{"id":14,"date":"2021-11-23T16:06:23","date_gmt":"2021-11-23T16:06:23","guid":{"rendered":"https:\/\/modenacars.karita.fr\/?page_id=14"},"modified":"2023-03-14T12:58:56","modified_gmt":"2023-03-14T12:58:56","slug":"atelier","status":"publish","type":"page","link":"https:\/\/modenacars.karita.fr\/?page_id=14","title":{"rendered":"Atelier"},"content":{"rendered":"\t\t<div data-elementor-type=\"wp-page\" data-elementor-id=\"14\" class=\"elementor elementor-14\">\n\t\t\t\t\t\t\t\t\t<section class=\"elementor-section elementor-top-section elementor-element elementor-element-84db70c elementor-section-full_width elementor-section-height-default elementor-section-height-default\" data-id=\"84db70c\" data-element_type=\"section\" data-settings=\"{&quot;background_background&quot;:&quot;classic&quot;}\">\n\t\t\t\t\t\t<div class=\"elementor-container elementor-column-gap-default\">\n\t\t\t\t\t<div class=\"elementor-column elementor-col-100 elementor-top-column elementor-element elementor-element-b860f42\" data-id=\"b860f42\" data-element_type=\"column\">\n\t\t\t<div class=\"elementor-widget-wrap elementor-element-populated\">\n\t\t\t\t\t\t\t\t<div class=\"elementor-element elementor-element-b3bbc12 elementor-widget elementor-widget-spacer\" data-id=\"b3bbc12\" data-element_type=\"widget\" data-widget_type=\"spacer.default\">\n\t\t\t\t<div class=\"elementor-widget-container\">\n\t\t\t<style>\/*! elementor - v3.11.2 - 22-02-2023 *\/\n.elementor-column .elementor-spacer-inner{height:var(--spacer-size)}.e-con{--container-widget-width:100%}.e-con-inner>.elementor-widget-spacer,.e-con>.elementor-widget-spacer{width:var(--container-widget-width,var(--spacer-size));--align-self:var(--container-widget-align-self,initial);--flex-shrink:0}.e-con-inner>.elementor-widget-spacer>.elementor-widget-container,.e-con-inner>.elementor-widget-spacer>.elementor-widget-container>.elementor-spacer,.e-con>.elementor-widget-spacer>.elementor-widget-container,.e-con>.elementor-widget-spacer>.elementor-widget-container>.elementor-spacer{height:100%}.e-con-inner>.elementor-widget-spacer>.elementor-widget-container>.elementor-spacer>.elementor-spacer-inner,.e-con>.elementor-widget-spacer>.elementor-widget-container>.elementor-spacer>.elementor-spacer-inner{height:var(--container-widget-height,var(--spacer-size))}<\/style>\t\t<div class=\"elementor-spacer\">\n\t\t\t<div class=\"elementor-spacer-inner\"><\/div>\n\t\t<\/div>\n\t\t\t\t<\/div>\n\t\t\t\t<\/div>\n\t\t\t\t\t<\/div>\n\t\t<\/div>\n\t\t\t\t\t\t\t<\/div>\n\t\t<\/section>\n\t\t\t\t<section class=\"elementor-section elementor-top-section elementor-element elementor-element-99d9ae6 elementor-section-boxed elementor-section-height-default elementor-section-height-default\" data-id=\"99d9ae6\" data-element_type=\"section\">\n\t\t\t\t\t\t<div class=\"elementor-container elementor-column-gap-default\">\n\t\t\t\t\t<div class=\"elementor-column elementor-col-100 elementor-top-column elementor-element elementor-element-e0c9fde\" data-id=\"e0c9fde\" data-element_type=\"column\">\n\t\t\t<div class=\"elementor-widget-wrap elementor-element-populated\">\n\t\t\t\t\t\t\t\t<div class=\"elementor-element elementor-element-215a46b elementor-widget elementor-widget-heading\" data-id=\"215a46b\" data-element_type=\"widget\" data-widget_type=\"heading.default\">\n\t\t\t\t<div class=\"elementor-widget-container\">\n\t\t\t<style>\/*! elementor - v3.11.2 - 22-02-2023 *\/\n.elementor-heading-title{padding:0;margin:0;line-height:1}.elementor-widget-heading .elementor-heading-title[class*=elementor-size-]>a{color:inherit;font-size:inherit;line-height:inherit}.elementor-widget-heading .elementor-heading-title.elementor-size-small{font-size:15px}.elementor-widget-heading .elementor-heading-title.elementor-size-medium{font-size:19px}.elementor-widget-heading .elementor-heading-title.elementor-size-large{font-size:29px}.elementor-widget-heading .elementor-heading-title.elementor-size-xl{font-size:39px}.elementor-widget-heading .elementor-heading-title.elementor-size-xxl{font-size:59px}<\/style><h2 class=\"elementor-heading-title elementor-size-default\">L'ATELIER MODENA CARS<\/h2>\t\t<\/div>\n\t\t\t\t<\/div>\n\t\t\t\t<div class=\"elementor-element elementor-element-766d376 elementor-widget-divider--view-line elementor-widget elementor-widget-divider\" data-id=\"766d376\" data-element_type=\"widget\" data-widget_type=\"divider.default\">\n\t\t\t\t<div class=\"elementor-widget-container\">\n\t\t\t<style>\/*! elementor - v3.11.2 - 22-02-2023 *\/\n.elementor-widget-divider{--divider-border-style:none;--divider-border-width:1px;--divider-color:#2c2c2c;--divider-icon-size:20px;--divider-element-spacing:10px;--divider-pattern-height:24px;--divider-pattern-size:20px;--divider-pattern-url:none;--divider-pattern-repeat:repeat-x}.elementor-widget-divider .elementor-divider{display:flex}.elementor-widget-divider .elementor-divider__text{font-size:15px;line-height:1;max-width:95%}.elementor-widget-divider .elementor-divider__element{margin:0 var(--divider-element-spacing);flex-shrink:0}.elementor-widget-divider .elementor-icon{font-size:var(--divider-icon-size)}.elementor-widget-divider .elementor-divider-separator{display:flex;margin:0;direction:ltr}.elementor-widget-divider--view-line_icon .elementor-divider-separator,.elementor-widget-divider--view-line_text .elementor-divider-separator{align-items:center}.elementor-widget-divider--view-line_icon .elementor-divider-separator:after,.elementor-widget-divider--view-line_icon .elementor-divider-separator:before,.elementor-widget-divider--view-line_text .elementor-divider-separator:after,.elementor-widget-divider--view-line_text .elementor-divider-separator:before{display:block;content:\"\";border-bottom:0;flex-grow:1;border-top:var(--divider-border-width) var(--divider-border-style) var(--divider-color)}.elementor-widget-divider--element-align-left .elementor-divider .elementor-divider-separator>.elementor-divider__svg:first-of-type{flex-grow:0;flex-shrink:100}.elementor-widget-divider--element-align-left .elementor-divider-separator:before{content:none}.elementor-widget-divider--element-align-left .elementor-divider__element{margin-left:0}.elementor-widget-divider--element-align-right .elementor-divider .elementor-divider-separator>.elementor-divider__svg:last-of-type{flex-grow:0;flex-shrink:100}.elementor-widget-divider--element-align-right .elementor-divider-separator:after{content:none}.elementor-widget-divider--element-align-right .elementor-divider__element{margin-right:0}.elementor-widget-divider:not(.elementor-widget-divider--view-line_text):not(.elementor-widget-divider--view-line_icon) .elementor-divider-separator{border-top:var(--divider-border-width) var(--divider-border-style) var(--divider-color)}.elementor-widget-divider--separator-type-pattern{--divider-border-style:none}.elementor-widget-divider--separator-type-pattern.elementor-widget-divider--view-line .elementor-divider-separator,.elementor-widget-divider--separator-type-pattern:not(.elementor-widget-divider--view-line) .elementor-divider-separator:after,.elementor-widget-divider--separator-type-pattern:not(.elementor-widget-divider--view-line) .elementor-divider-separator:before,.elementor-widget-divider--separator-type-pattern:not([class*=elementor-widget-divider--view]) .elementor-divider-separator{width:100%;min-height:var(--divider-pattern-height);-webkit-mask-size:var(--divider-pattern-size) 100%;mask-size:var(--divider-pattern-size) 100%;-webkit-mask-repeat:var(--divider-pattern-repeat);mask-repeat:var(--divider-pattern-repeat);background-color:var(--divider-color);-webkit-mask-image:var(--divider-pattern-url);mask-image:var(--divider-pattern-url)}.elementor-widget-divider--no-spacing{--divider-pattern-size:auto}.elementor-widget-divider--bg-round{--divider-pattern-repeat:round}.rtl .elementor-widget-divider .elementor-divider__text{direction:rtl}.e-con-inner>.elementor-widget-divider,.e-con>.elementor-widget-divider{width:var(--container-widget-width,100%);--flex-grow:var(--container-widget-flex-grow)}<\/style>\t\t<div class=\"elementor-divider\">\n\t\t\t<span class=\"elementor-divider-separator\">\n\t\t\t\t\t\t<\/span>\n\t\t<\/div>\n\t\t\t\t<\/div>\n\t\t\t\t<\/div>\n\t\t\t\t<div class=\"elementor-element elementor-element-ccb3e4e elementor-widget elementor-widget-text-editor\" data-id=\"ccb3e4e\" data-element_type=\"widget\" data-widget_type=\"text-editor.default\">\n\t\t\t\t<div class=\"elementor-widget-container\">\n\t\t\t<style>\/*! elementor - v3.11.2 - 22-02-2023 *\/\n.elementor-widget-text-editor.elementor-drop-cap-view-stacked .elementor-drop-cap{background-color:#818a91;color:#fff}.elementor-widget-text-editor.elementor-drop-cap-view-framed .elementor-drop-cap{color:#818a91;border:3px solid;background-color:transparent}.elementor-widget-text-editor:not(.elementor-drop-cap-view-default) .elementor-drop-cap{margin-top:8px}.elementor-widget-text-editor:not(.elementor-drop-cap-view-default) .elementor-drop-cap-letter{width:1em;height:1em}.elementor-widget-text-editor .elementor-drop-cap{float:left;text-align:center;line-height:1;font-size:50px}.elementor-widget-text-editor .elementor-drop-cap-letter{display:inline-block}<\/style>\t\t\t\t<p>Votre\u00a0<strong>Ferrari<\/strong>, lors de sa prise en charge par nos ateliers, b\u00e9n\u00e9ficie d\u2019un service hors pair et rigoureux.<\/p><p>Nos techniciens sont tous soumis \u00e0 une formation en continu sur les derni\u00e8res technologies issues de l\u2019usine\u00a0<strong>Ferrari<\/strong>\u00a0\u00e0 Mod\u00e8ne.<\/p><p>Nos\u00a0<strong>services Apr\u00e8s Vente<\/strong>, pi\u00e8ces d\u00e9tach\u00e9es et accessoires vous garantissent l\u2019utilisation de pi\u00e8ces d\u2019origine constructeur afin que vous puissiez profiter des performances maximales de votre voiture en toute s\u00e9curit\u00e9.<\/p><p>A la fin de chaque intervention, votre\u00a0<strong>Ferrari<\/strong>\u00a0b\u00e9n\u00e9ficie \u00e9galement d\u2019un panel de soins esth\u00e9tiques minutieux.<\/p><p>Un service de gardiennage et pr\u00e9paration \u00e0 la mise en route de votre v\u00e9hicule sont \u00e9galement disponibles.<\/p><p>Nous restons \u00e0 votre disposition pour de plus amples renseignements.<\/p>\t\t\t\t\t\t<\/div>\n\t\t\t\t<\/div>\n\t\t\t\t\t<\/div>\n\t\t<\/div>\n\t\t\t\t\t\t\t<\/div>\n\t\t<\/section>\n\t\t\t\t<section class=\"elementor-section elementor-top-section elementor-element elementor-element-9282438 elementor-section-boxed elementor-section-height-default elementor-section-height-default\" data-id=\"9282438\" data-element_type=\"section\">\n\t\t\t\t\t\t<div class=\"elementor-container elementor-column-gap-default\">\n\t\t\t\t\t<div class=\"elementor-column elementor-col-100 elementor-top-column elementor-element elementor-element-29b40c3\" data-id=\"29b40c3\" data-element_type=\"column\">\n\t\t\t<div class=\"elementor-widget-wrap elementor-element-populated\">\n\t\t\t\t\t\t\t\t<div class=\"elementor-element elementor-element-e69778b elementor-widget elementor-widget-formidable\" data-id=\"e69778b\" data-element_type=\"widget\" data-widget_type=\"formidable.default\">\n\t\t\t\t<div class=\"elementor-widget-container\">\n\t\t\t<div class=\"frm_forms  with_frm_style frm_style_style-formidable\" id=\"frm_form_2_container\" data-token=\"b13739c70b329ebba46db010c790ca74\">\n<form enctype=\"multipart\/form-data\" method=\"post\" class=\"frm-show-form  frm_js_validate  frm_pro_form  frm_ajax_submit \" id=\"form_prisederdv\"  data-token=\"b13739c70b329ebba46db010c790ca74\">\n<div class=\"frm_form_fields \">\n<fieldset>\n<legend class=\"frm_screen_reader\">Prise de RDV<\/legend>\r\n\r\n<div class=\"frm_fields_container\">\n<input type=\"hidden\" name=\"frm_action\" value=\"create\" \/>\n<input type=\"hidden\" name=\"form_id\" value=\"2\" \/>\n<input type=\"hidden\" name=\"frm_hide_fields_2\" id=\"frm_hide_fields_2\" value=\"\" \/>\n<input type=\"hidden\" name=\"form_key\" value=\"prisederdv\" \/>\n<input type=\"hidden\" name=\"item_meta[0]\" value=\"\" \/>\n<input type=\"hidden\" id=\"frm_submit_entry_2\" name=\"frm_submit_entry_2\" value=\"55d8ceeb09\" \/><input type=\"hidden\" name=\"_wp_http_referer\" value=\"\/index.php?rest_route=%2Fwp%2Fv2%2Fpages%2F14\" \/><div id=\"frm_field_7_container\" class=\"frm_form_field form-field  frm_required_field frm_none_container frm12 frm_first frm_fourth\">\r\n    <label for=\"field_lz6x1\" id=\"field_lz6x1_label\" class=\"frm_primary_label\">Nom\r\n        <span class=\"frm_required\" aria-hidden=\"true\">*<\/span>\r\n    <\/label>\r\n    <input type=\"text\" id=\"field_lz6x1\" name=\"item_meta[7]\" value=\"\"  placeholder=\"Nom *\" data-reqmsg=\"Ce champ ne peut pas \u00eatre vide\" aria-required=\"true\" data-invmsg=\"texte est non valide\" aria-invalid=\"false\"  \/>\r\n    \r\n    \r\n<\/div>\n<div id=\"frm_field_8_container\" class=\"frm_form_field form-field  frm_required_field frm_none_container frm12 frm12 frm_fourth\">\r\n    <label for=\"field_uo349\" id=\"field_uo349_label\" class=\"frm_primary_label\">Pr\u00e9nom\r\n        <span class=\"frm_required\" aria-hidden=\"true\">*<\/span>\r\n    <\/label>\r\n    <input type=\"text\" id=\"field_uo349\" name=\"item_meta[8]\" value=\"\"  placeholder=\"Pr\u00e9nom *\" data-reqmsg=\"Ce champ ne peut pas \u00eatre vide\" aria-required=\"true\" data-invmsg=\"texte est non valide\" aria-invalid=\"false\"  \/>\r\n    \r\n    \r\n<\/div>\n<div id=\"frm_field_9_container\" class=\"frm_form_field form-field  frm_none_container frm12 frm12 frm12 frm_fourth\">\r\n    <label for=\"field_88q6g\" id=\"field_88q6g_label\" class=\"frm_primary_label\">Soci\u00e9t\u00e9\r\n        <span class=\"frm_required\" aria-hidden=\"true\"><\/span>\r\n    <\/label>\r\n    <input type=\"text\" id=\"field_88q6g\" name=\"item_meta[9]\" value=\"\"  placeholder=\"Soci\u00e9t\u00e9\" data-invmsg=\"texte est non valide\" aria-invalid=\"false\"  \/>\r\n    \r\n    \r\n<\/div>\n<div id=\"frm_field_10_container\" class=\"frm_form_field form-field  frm_required_field frm_none_container frm12 frm12 frm12 frm_fourth\">\r\n    <label for=\"field_27gr2\" id=\"field_27gr2_label\" class=\"frm_primary_label\">T\u00e9l\u00e9phone\r\n        <span class=\"frm_required\" aria-hidden=\"true\">*<\/span>\r\n    <\/label>\r\n    <input type=\"text\" id=\"field_27gr2\" name=\"item_meta[10]\" value=\"\"  placeholder=\"T\u00e9l\u00e9phone *\" data-reqmsg=\"Ce champ ne peut pas \u00eatre vide\" aria-required=\"true\" data-invmsg=\"texte est non valide\" aria-invalid=\"false\"  \/>\r\n    \r\n    \r\n<\/div>\n<div id=\"frm_field_11_container\" class=\"frm_form_field form-field  frm_required_field frm_none_container frm12 frm12 frm12 frm_fourth\">\r\n    <label for=\"field_2u9jp\" id=\"field_2u9jp_label\" class=\"frm_primary_label\">Email\r\n        <span class=\"frm_required\" aria-hidden=\"true\">*<\/span>\r\n    <\/label>\r\n    <input type=\"text\" id=\"field_2u9jp\" name=\"item_meta[11]\" value=\"\"  placeholder=\"Email *\" data-reqmsg=\"Ce champ ne peut pas \u00eatre vide\" aria-required=\"true\" data-invmsg=\"texte est non valide\" aria-invalid=\"false\"  \/>\r\n    \r\n    \r\n<\/div>\n<div id=\"frm_field_12_container\" class=\"frm_form_field form-field  frm_none_container frm12 frm12 frm12 frm_fourth\">\r\n    <label for=\"field_4rui7\" id=\"field_4rui7_label\" class=\"frm_primary_label\">Marque \/ mod\u00e8le\r\n        <span class=\"frm_required\" aria-hidden=\"true\"><\/span>\r\n    <\/label>\r\n    <input type=\"text\" id=\"field_4rui7\" name=\"item_meta[12]\" value=\"\"  placeholder=\"Marque \/ mod\u00e8le\" data-invmsg=\"texte est non valide\" aria-invalid=\"false\"  \/>\r\n    \r\n    \r\n<\/div>\n<div id=\"frm_field_13_container\" class=\"frm_form_field form-field  frm_none_container frm12 frm12 frm12 frm_fourth\">\r\n    <label for=\"field_myqtc\" id=\"field_myqtc_label\" class=\"frm_primary_label\">Date souhait\u00e9e\r\n        <span class=\"frm_required\" aria-hidden=\"true\"><\/span>\r\n    <\/label>\r\n    <input type=\"text\" id=\"field_myqtc\" name=\"item_meta[13]\" value=\"\"  placeholder=\"Date souhait\u00e9e\" data-invmsg=\"texte est non valide\" aria-invalid=\"false\"  \/>\r\n    \r\n    \r\n<\/div>\n<div id=\"frm_field_14_container\" class=\"frm_form_field form-field  frm_none_container frm12 frm12 frm_fourth\">\r\n    <label for=\"field_dcns1\" id=\"field_dcns1_label\" class=\"frm_primary_label\">km\r\n        <span class=\"frm_required\" aria-hidden=\"true\"><\/span>\r\n    <\/label>\r\n    <input type=\"text\" id=\"field_dcns1\" name=\"item_meta[14]\" value=\"\"  placeholder=\"km\" data-invmsg=\"texte est non valide\" aria-invalid=\"false\"  \/>\r\n    \r\n    \r\n<\/div>\n<div id=\"frm_field_15_container\" class=\"frm_form_field form-field  frm_none_container frm_fourth\">\r\n    <label for=\"field_ofai6\" id=\"field_ofai6_label\" class=\"frm_primary_label\">Immatriculation\r\n        <span class=\"frm_required\" aria-hidden=\"true\"><\/span>\r\n    <\/label>\r\n    <input type=\"text\" id=\"field_ofai6\" name=\"item_meta[15]\" value=\"\"  placeholder=\"Immatriculation\" data-invmsg=\"texte est non valide\" aria-invalid=\"false\"  \/>\r\n    \r\n    \r\n<\/div>\n<div id=\"frm_field_17_container\" class=\"frm_form_field form-field  frm_none_container frm_fourth\">\r\n    <label for=\"field_4itd1\" id=\"field_4itd1_label\" class=\"frm_primary_label\">Num\u00e9ro de ch\u00e2ssis\r\n        <span class=\"frm_required\" aria-hidden=\"true\"><\/span>\r\n    <\/label>\r\n    <input type=\"text\" id=\"field_4itd1\" name=\"item_meta[17]\" value=\"\"  placeholder=\"Num\u00e9ro de ch\u00e2ssis\" data-invmsg=\"texte est non valide\" aria-invalid=\"false\"  \/>\r\n    \r\n    \r\n<\/div>\n<div id=\"frm_field_16_container\" class=\"frm_form_field form-field  frm_none_container frm_fourth\">\r\n    <label for=\"field_mo9z7\" id=\"field_mo9z7_label\" class=\"frm_primary_label\">Ann\u00e9e de fabrication\r\n        <span class=\"frm_required\" aria-hidden=\"true\"><\/span>\r\n    <\/label>\r\n    <input type=\"text\" id=\"field_mo9z7\" name=\"item_meta[16]\" value=\"\"  placeholder=\"Ann\u00e9e de fabrication\" data-invmsg=\"texte est non valide\" aria-invalid=\"false\"  \/>\r\n    \r\n    \r\n<\/div>\n<div id=\"frm_field_18_container\" class=\"frm_form_field form-field  frm_none_container frm_fourth frm_fourth\">\r\n    <label for=\"field_zpguu\" id=\"field_zpguu_label\" class=\"frm_primary_label\">Service\r\n        <span class=\"frm_required\" aria-hidden=\"true\"><\/span>\r\n    <\/label>\r\n    \t\t<select name=\"item_meta[18]\" id=\"field_zpguu\"  data-placeholder=\"Service\"  placeholder=\"Service\" data-invmsg=\"Service est non valide\" aria-invalid=\"false\"  >\n\t\t\t\t\t<option value=\"\">\n\t\t\t\tService\t\t\t<\/option>\n\t\t\t\t\t<option  value=\"Service p\u00e9riodique\">\n\t\t\tService p\u00e9riodique\t\t<\/option>\n\t\t\t\t<option  value=\"D\u00e9g\u00e2t carrosserie\">\n\t\t\tD\u00e9g\u00e2t carrosserie\t\t<\/option>\n\t\t\t\t<option  value=\"R\u00e9paration\">\n\t\t\tR\u00e9paration\t\t<\/option>\n\t\t\t\t<option  value=\"Contr\u00f4le anti-pollution\">\n\t\t\tContr\u00f4le anti-pollution\t\t<\/option>\n\t\t\t\t<option  value=\"Offre de reprise\">\n\t\t\tOffre de reprise\t\t<\/option>\n\t\t\t<\/select>\n\t\r\n    \r\n    \r\n<\/div>\n<div id=\"frm_field_19_container\" class=\"frm_form_field form-field  frm_none_container frm12 frm_first\">\r\n    <label for=\"field_8nc42\" id=\"field_8nc42_label\" class=\"frm_primary_label\">Message\r\n        <span class=\"frm_required\" aria-hidden=\"true\"><\/span>\r\n    <\/label>\r\n    <textarea name=\"item_meta[19]\" id=\"field_8nc42\" rows=\"5\"  placeholder=\"Votre message\" data-invmsg=\"Message est non valide\" aria-invalid=\"false\"  ><\/textarea>\r\n    \r\n    \r\n<\/div>\n<div id=\"frm_field_25_container\" class=\"frm_form_field frm_section_heading form-field  frm_hide_section\">\r\n<h3 class=\"frm_pos_none\"><\/h3>\r\n<div id=\"frm_desc_field_uec3u\" class=\"frm_description frm_section_spacing\">J\u2019accepte de recevoir les offres et promotions relatives aux services et produits de Modenacars.<\/div>\r\n\r\n<\/div>\n<div id=\"frm_field_22_container\" class=\"frm_form_field form-field  frm_required_field frm_none_container frm_half\">\r\n    <label for=\"field_jfohu\" id=\"field_jfohu_label\" class=\"frm_primary_label\">Par email \r\n        <span class=\"frm_required\" aria-hidden=\"true\">*<\/span>\r\n    <\/label>\r\n    \t\t<select name=\"item_meta[22]\" id=\"field_jfohu\"  data-placeholder=\"Par email *\"  placeholder=\"Par email *\" data-reqmsg=\"Ce champ ne peut pas \u00eatre vide\" aria-required=\"true\" data-invmsg=\"Par email  est non valide\" aria-invalid=\"false\"  >\n\t\t\t\t\t<option value=\"\">\n\t\t\t\tPar email *\t\t\t<\/option>\n\t\t\t\t\t<option  value=\"Oui\">\n\t\t\tOui\t\t<\/option>\n\t\t\t\t<option  value=\"Non\">\n\t\t\tNon\t\t<\/option>\n\t\t\t<\/select>\n\t\r\n    \r\n    \r\n<\/div>\n<div id=\"frm_field_23_container\" class=\"frm_form_field form-field  frm_required_field frm_none_container frm_half\">\r\n    <label for=\"field_pgfhf\" id=\"field_pgfhf_label\" class=\"frm_primary_label\">Par T\u00e9l\u00e9phone\r\n        <span class=\"frm_required\" aria-hidden=\"true\">*<\/span>\r\n    <\/label>\r\n    \t\t<select name=\"item_meta[23]\" id=\"field_pgfhf\"  data-placeholder=\"Par T\u00e9l\u00e9phone *\"  placeholder=\"Par T\u00e9l\u00e9phone *\" data-reqmsg=\"Ce champ ne peut pas \u00eatre vide\" aria-required=\"true\" data-invmsg=\"Par T\u00e9l\u00e9phone est non valide\" aria-invalid=\"false\"  >\n\t\t\t\t\t<option value=\"\">\n\t\t\t\tPar T\u00e9l\u00e9phone *\t\t\t<\/option>\n\t\t\t\t\t<option  value=\"Oui\">\n\t\t\tOui\t\t<\/option>\n\t\t\t\t<option  value=\"Non\">\n\t\t\tNon\t\t<\/option>\n\t\t\t<\/select>\n\t\r\n    \r\n    \r\n<\/div>\n<div id=\"frm_field_27_container\" class=\"frm_form_field form-field  frm_none_container\">\r\n    <label for=\"g-recaptcha-response\" id=\"field_8vcyd_label\" class=\"frm_primary_label\">reCAPTCHA\r\n        <span class=\"frm_required\" aria-hidden=\"true\"><\/span>\r\n    <\/label>\r\n    <div id=\"field_8vcyd\" class=\"frm-g-recaptcha\" data-sitekey=\"6LdOhpweAAAAAMELcTZrbW7EbzoDxUIeCBs7SGWj\" data-size=\"invisible\" data-theme=\"dark\"><\/div>\r\n    \r\n    \r\n<\/div>\n\t<input type=\"hidden\" name=\"item_key\" value=\"\" \/>\n\t\t\t\t<div class=\"frm_verify\" >\n\t\t\t\t<label for=\"frm_email_2\">\n\t\t\t\t\tSi vous \u00eates un humain, ne remplissez pas ce champ.\t\t\t\t<\/label>\n\t\t\t\t<input type=\"email\" class=\"frm_verify\" id=\"frm_email_2\" name=\"frm_verify\" value=\"\"  \/>\n\t\t\t<\/div>\n\t\t<input name=\"frm_state\" type=\"hidden\" value=\"TYg9PyC1Ta2opslBwVafALnBNuwmchfakWgKEVSXXvE=\" \/><div class=\"frm_submit\">\r\n\r\n<button class=\"frm_button_submit frm_final_submit\" type=\"submit\"  >Envoyer<\/button>\r\n\r\n<\/div><\/div>\n<\/fieldset>\n<\/div>\n<\/form>\n<\/div>\n\t\t<\/div>\n\t\t\t\t<\/div>\n\t\t\t\t\t<\/div>\n\t\t<\/div>\n\t\t\t\t\t\t\t<\/div>\n\t\t<\/section>\n\t\t\t\t<section class=\"elementor-section elementor-top-section elementor-element elementor-element-49f1bcd elementor-section-boxed elementor-section-height-default elementor-section-height-default\" data-id=\"49f1bcd\" data-element_type=\"section\">\n\t\t\t\t\t\t<div class=\"elementor-container elementor-column-gap-default\">\n\t\t\t\t\t<div class=\"elementor-column elementor-col-100 elementor-top-column elementor-element elementor-element-18768cd\" data-id=\"18768cd\" data-element_type=\"column\">\n\t\t\t<div class=\"elementor-widget-wrap elementor-element-populated\">\n\t\t\t\t\t\t\t\t<div class=\"elementor-element elementor-element-8fb68b5 elementor-widget elementor-widget-text-editor\" data-id=\"8fb68b5\" data-element_type=\"widget\" data-widget_type=\"text-editor.default\">\n\t\t\t\t<div class=\"elementor-widget-container\">\n\t\t\t\t\t\t\t<p><strong>Mentions l\u00e9gales<\/strong><\/p>\t\t\t\t\t\t<\/div>\n\t\t\t\t<\/div>\n\t\t\t\t<div class=\"elementor-element elementor-element-898a302 elementor-widget elementor-widget-text-editor\" data-id=\"898a302\" data-element_type=\"widget\" data-widget_type=\"text-editor.default\">\n\t\t\t\t<div class=\"elementor-widget-container\">\n\t\t\t\t\t\t\t<p>Les informations personnelles collect\u00e9es par MODENACARS seront utilis\u00e9es pour les n\u00e9cessit\u00e9s de la gestion de votre relation avec MODENACARS et notamment pour r\u00e9pondre \u00e0 vos demandes, \u00e0 des fins d\u2019enqu\u00eates et d\u2019informations, vous proposer des offres commerciales susceptibles de vous int\u00e9resser, ou aux fins d\u2019enrichir et am\u00e9liorer nos bases de donn\u00e9es clients et prospects en vue de maintenir des informations actuelles, correctes et pertinentes.<br \/>Conform\u00e9ment \u00e0 la loi \u00ab Informatique et Libert\u00e9s \u00bb n\u00b078-17 du 6 janvier 1978, vous disposez d\u2019un droit d\u2019acc\u00e8s et de rectification de ces donn\u00e9es ainsi que d\u2019un droit de vous opposer \u00e0 ce que ces donn\u00e9es fassent l\u2019objet d\u2019un traitement en nous contactant par courrier \u00e0 l\u2019adresse suivante : Modena Cars &#8211; Service Relation Client &#8211; 21 chemin des Aulx &#8211; 1228 Plan-les-Ouates ou par formulaire.<\/p>\t\t\t\t\t\t<\/div>\n\t\t\t\t<\/div>\n\t\t\t\t\t<\/div>\n\t\t<\/div>\n\t\t\t\t\t\t\t<\/div>\n\t\t<\/section>\n\t\t\t\t\t\t\t<\/div>\n\t\t","protected":false},"excerpt":{"rendered":"<p>L&rsquo;ATELIER MODENA CARS Votre\u00a0Ferrari, lors de sa prise en charge par nos ateliers, b\u00e9n\u00e9ficie d\u2019un service hors pair et rigoureux. Nos techniciens sont tous soumis \u00e0 une formation en continu sur les derni\u00e8res technologies issues de l\u2019usine\u00a0Ferrari\u00a0\u00e0 Mod\u00e8ne. Nos\u00a0services Apr\u00e8s Vente, pi\u00e8ces d\u00e9tach\u00e9es et accessoires vous garantissent l\u2019utilisation de pi\u00e8ces d\u2019origine constructeur afin que vous [&hellip;]<\/p>\n","protected":false},"author":1,"featured_media":0,"parent":0,"menu_order":0,"comment_status":"closed","ping_status":"closed","template":"","meta":{"footnotes":""},"_links":{"self":[{"href":"https:\/\/modenacars.karita.fr\/index.php?rest_route=\/wp\/v2\/pages\/14"}],"collection":[{"href":"https:\/\/modenacars.karita.fr\/index.php?rest_route=\/wp\/v2\/pages"}],"about":[{"href":"https:\/\/modenacars.karita.fr\/index.php?rest_route=\/wp\/v2\/types\/page"}],"author":[{"embeddable":true,"href":"https:\/\/modenacars.karita.fr\/index.php?rest_route=\/wp\/v2\/users\/1"}],"replies":[{"embeddable":true,"href":"https:\/\/modenacars.karita.fr\/index.php?rest_route=%2Fwp%2Fv2%2Fcomments&post=14"}],"version-history":[{"count":10,"href":"https:\/\/modenacars.karita.fr\/index.php?rest_route=\/wp\/v2\/pages\/14\/revisions"}],"predecessor-version":[{"id":553,"href":"https:\/\/modenacars.karita.fr\/index.php?rest_route=\/wp\/v2\/pages\/14\/revisions\/553"}],"wp:attachment":[{"href":"https:\/\/modenacars.karita.fr\/index.php?rest_route=%2Fwp%2Fv2%2Fmedia&parent=14"}],"curies":[{"name":"wp","href":"https:\/\/api.w.org\/{rel}","templated":true}]}}