{"id":215,"date":"2022-02-25T15:56:39","date_gmt":"2022-02-25T15:56:39","guid":{"rendered":"https:\/\/modenacars.karita.fr\/?page_id=215"},"modified":"2022-02-25T15:59:05","modified_gmt":"2022-02-25T15:59:05","slug":"mentions-legales","status":"publish","type":"page","link":"https:\/\/modenacars.karita.fr\/?page_id=215","title":{"rendered":"Mentions l\u00e9gales"},"content":{"rendered":"\t\t<div data-elementor-type=\"wp-page\" data-elementor-id=\"215\" class=\"elementor elementor-215\">\n\t\t\t\t\t\t\t\t\t<section class=\"elementor-section elementor-top-section elementor-element elementor-element-7c7fee0 elementor-section-boxed elementor-section-height-default elementor-section-height-default\" data-id=\"7c7fee0\" data-element_type=\"section\">\n\t\t\t\t\t\t<div class=\"elementor-container elementor-column-gap-default\">\n\t\t\t\t\t<div class=\"elementor-column elementor-col-100 elementor-top-column elementor-element elementor-element-60465a6\" data-id=\"60465a6\" data-element_type=\"column\">\n\t\t\t<div class=\"elementor-widget-wrap elementor-element-populated\">\n\t\t\t\t\t\t\t\t<div class=\"elementor-element elementor-element-162b7e1 elementor-widget elementor-widget-heading\" data-id=\"162b7e1\" data-element_type=\"widget\" data-widget_type=\"heading.default\">\n\t\t\t\t<div class=\"elementor-widget-container\">\n\t\t\t<style>\/*! elementor - v3.11.2 - 22-02-2023 *\/\n.elementor-heading-title{padding:0;margin:0;line-height:1}.elementor-widget-heading .elementor-heading-title[class*=elementor-size-]>a{color:inherit;font-size:inherit;line-height:inherit}.elementor-widget-heading .elementor-heading-title.elementor-size-small{font-size:15px}.elementor-widget-heading .elementor-heading-title.elementor-size-medium{font-size:19px}.elementor-widget-heading .elementor-heading-title.elementor-size-large{font-size:29px}.elementor-widget-heading .elementor-heading-title.elementor-size-xl{font-size:39px}.elementor-widget-heading .elementor-heading-title.elementor-size-xxl{font-size:59px}<\/style><h2 class=\"elementor-heading-title elementor-size-default\">MENTIONS L\u00c9GALES<\/h2>\t\t<\/div>\n\t\t\t\t<\/div>\n\t\t\t\t<div class=\"elementor-element elementor-element-4739386 elementor-widget-divider--view-line elementor-widget elementor-widget-divider\" data-id=\"4739386\" data-element_type=\"widget\" data-widget_type=\"divider.default\">\n\t\t\t\t<div class=\"elementor-widget-container\">\n\t\t\t<style>\/*! elementor - v3.11.2 - 22-02-2023 *\/\n.elementor-widget-divider{--divider-border-style:none;--divider-border-width:1px;--divider-color:#2c2c2c;--divider-icon-size:20px;--divider-element-spacing:10px;--divider-pattern-height:24px;--divider-pattern-size:20px;--divider-pattern-url:none;--divider-pattern-repeat:repeat-x}.elementor-widget-divider .elementor-divider{display:flex}.elementor-widget-divider .elementor-divider__text{font-size:15px;line-height:1;max-width:95%}.elementor-widget-divider .elementor-divider__element{margin:0 var(--divider-element-spacing);flex-shrink:0}.elementor-widget-divider .elementor-icon{font-size:var(--divider-icon-size)}.elementor-widget-divider .elementor-divider-separator{display:flex;margin:0;direction:ltr}.elementor-widget-divider--view-line_icon .elementor-divider-separator,.elementor-widget-divider--view-line_text .elementor-divider-separator{align-items:center}.elementor-widget-divider--view-line_icon .elementor-divider-separator:after,.elementor-widget-divider--view-line_icon .elementor-divider-separator:before,.elementor-widget-divider--view-line_text .elementor-divider-separator:after,.elementor-widget-divider--view-line_text .elementor-divider-separator:before{display:block;content:\"\";border-bottom:0;flex-grow:1;border-top:var(--divider-border-width) var(--divider-border-style) var(--divider-color)}.elementor-widget-divider--element-align-left .elementor-divider .elementor-divider-separator>.elementor-divider__svg:first-of-type{flex-grow:0;flex-shrink:100}.elementor-widget-divider--element-align-left .elementor-divider-separator:before{content:none}.elementor-widget-divider--element-align-left .elementor-divider__element{margin-left:0}.elementor-widget-divider--element-align-right .elementor-divider .elementor-divider-separator>.elementor-divider__svg:last-of-type{flex-grow:0;flex-shrink:100}.elementor-widget-divider--element-align-right .elementor-divider-separator:after{content:none}.elementor-widget-divider--element-align-right .elementor-divider__element{margin-right:0}.elementor-widget-divider:not(.elementor-widget-divider--view-line_text):not(.elementor-widget-divider--view-line_icon) .elementor-divider-separator{border-top:var(--divider-border-width) var(--divider-border-style) var(--divider-color)}.elementor-widget-divider--separator-type-pattern{--divider-border-style:none}.elementor-widget-divider--separator-type-pattern.elementor-widget-divider--view-line .elementor-divider-separator,.elementor-widget-divider--separator-type-pattern:not(.elementor-widget-divider--view-line) .elementor-divider-separator:after,.elementor-widget-divider--separator-type-pattern:not(.elementor-widget-divider--view-line) .elementor-divider-separator:before,.elementor-widget-divider--separator-type-pattern:not([class*=elementor-widget-divider--view]) .elementor-divider-separator{width:100%;min-height:var(--divider-pattern-height);-webkit-mask-size:var(--divider-pattern-size) 100%;mask-size:var(--divider-pattern-size) 100%;-webkit-mask-repeat:var(--divider-pattern-repeat);mask-repeat:var(--divider-pattern-repeat);background-color:var(--divider-color);-webkit-mask-image:var(--divider-pattern-url);mask-image:var(--divider-pattern-url)}.elementor-widget-divider--no-spacing{--divider-pattern-size:auto}.elementor-widget-divider--bg-round{--divider-pattern-repeat:round}.rtl .elementor-widget-divider .elementor-divider__text{direction:rtl}.e-con-inner>.elementor-widget-divider,.e-con>.elementor-widget-divider{width:var(--container-widget-width,100%);--flex-grow:var(--container-widget-flex-grow)}<\/style>\t\t<div class=\"elementor-divider\">\n\t\t\t<span class=\"elementor-divider-separator\">\n\t\t\t\t\t\t<\/span>\n\t\t<\/div>\n\t\t\t\t<\/div>\n\t\t\t\t<\/div>\n\t\t\t\t\t<\/div>\n\t\t<\/div>\n\t\t\t\t\t\t\t<\/div>\n\t\t<\/section>\n\t\t\t\t<section class=\"elementor-section elementor-top-section elementor-element elementor-element-9c0ec98 elementor-section-boxed elementor-section-height-default elementor-section-height-default\" data-id=\"9c0ec98\" data-element_type=\"section\">\n\t\t\t\t\t\t<div class=\"elementor-container elementor-column-gap-default\">\n\t\t\t\t\t<div class=\"elementor-column elementor-col-100 elementor-top-column elementor-element elementor-element-fdcf29e\" data-id=\"fdcf29e\" data-element_type=\"column\">\n\t\t\t<div class=\"elementor-widget-wrap elementor-element-populated\">\n\t\t\t\t\t\t\t\t<div class=\"elementor-element elementor-element-5003da6 elementor-widget elementor-widget-text-editor\" data-id=\"5003da6\" data-element_type=\"widget\" data-widget_type=\"text-editor.default\">\n\t\t\t\t<div class=\"elementor-widget-container\">\n\t\t\t<style>\/*! elementor - v3.11.2 - 22-02-2023 *\/\n.elementor-widget-text-editor.elementor-drop-cap-view-stacked .elementor-drop-cap{background-color:#818a91;color:#fff}.elementor-widget-text-editor.elementor-drop-cap-view-framed .elementor-drop-cap{color:#818a91;border:3px solid;background-color:transparent}.elementor-widget-text-editor:not(.elementor-drop-cap-view-default) .elementor-drop-cap{margin-top:8px}.elementor-widget-text-editor:not(.elementor-drop-cap-view-default) .elementor-drop-cap-letter{width:1em;height:1em}.elementor-widget-text-editor .elementor-drop-cap{float:left;text-align:center;line-height:1;font-size:50px}.elementor-widget-text-editor .elementor-drop-cap-letter{display:inline-block}<\/style>\t\t\t\t<p><strong>Site r\u00e9alis\u00e9 par la soci\u00e9t\u00e9<\/strong><\/p><p>KARITA INTERACTIVE<br \/>T\u00e9l. :+ 33 4 67 42 66 28<br \/><a href=\"https:\/\/www.karita.co\/\">www.karita.co<\/a><br \/><a href=\"mailto:contact@karita.co\">contact@karita.co<\/a><\/p><p><strong>Informations g\u00e9n\u00e9rales<\/strong><\/p><p>MODENA CARS<br \/>21, chemin des Aulx<br \/>1228 Plan Les Ouates SUISSE<br \/>T\u00e9l. : +41 22 757 87 87<\/p><p><strong>\u00c9diteur et h\u00e9bergement<\/strong><\/p><p>Vous \u00eates actuellement connect\u00e9 au site Internet https:\/\/www.modenacars.ch<\/p><p>Directeur de la publication : Gino FORGIONE<br \/>Webmaster : Verena FROLICH<br \/>Site d\u00e9velopp\u00e9 par KARITA INTERACTIVE. et h\u00e9berg\u00e9 par INFOMANIAK<\/p><p>KARITA INTERACTIVE<br \/>6, rue des Consuls, r\u00e9sidence Aquarella<br \/>34970 LATTES \u2013 France<br \/>T\u00e9l. +33 4 67 42 66 28<\/p><p>INFOMANIAK NETWORK SA<br \/>26, Avenue de la Praille<br \/>1227 Carouge \/ Gen\u00e8ve &#8211; Suisse<br \/>T\u00e9l. +41 22 820 35 44<\/p><p><strong>Loi informatique et libert\u00e9<\/strong><\/p><p>Vous disposez d&rsquo;un droit d&rsquo;acc\u00e8s, de modification, de rectification et de suppression des donn\u00e9es qui vous concernent (loi \u00ab\u00a0Informatique et Libert\u00e9s\u00a0\u00bb du 6 janvier 1978). Pour exercer ce droit, adressez-vous par courrier \u00e0 :<\/p><p>MODENA CARS<br \/>21, chemin des Aulx<br \/>1228 Plan Les Ouates &#8211; Suisse &#8211;<\/p><p><strong>D\u00e9claration<\/strong><\/p><p><strong>Droit d\u2019auteur et copyright<\/strong><\/p><p>L&rsquo;ensemble de ce site rel\u00e8ve de la l\u00e9gislation Suisse et internationale sur le droit d&rsquo;auteur et la propri\u00e9t\u00e9 intellectuelle. Tous les droits de reproduction sont r\u00e9serv\u00e9s, y compris pour les documents t\u00e9l\u00e9chargeables et les repr\u00e9sentations iconographiques et photographiques. La reproduction des textes de ce site sur un support papier ou \u00e9lectronique est autoris\u00e9e, notamment dans le cadre p\u00e9dagogique ou publicitaire, sous r\u00e9serve du respect des trois conditions suivantes :<\/p><ul class=\"list--bull list--border\"><li>gratuit\u00e9 de la diffusion,<\/li><li>respect de l&rsquo;int\u00e9grit\u00e9 des documents reproduits : pas de modification ni alt\u00e9ration d&rsquo;aucune sorte,<\/li><li>citation claire et lisible de la source sous la forme suivante -par exemple &#8211; : \u00ab\u00a0ce document provient du site Internet Modena Cars : http:\/\/www.modenacars.ch Les droits de reproduction sont r\u00e9serv\u00e9s et strictement limit\u00e9s\u00a0\u00bb. L&rsquo;adresse Internet du site Modena Cars doit imp\u00e9rativement figurer dans la r\u00e9f\u00e9rence.<\/li><\/ul><p>\u00a0<\/p><p>A l\u2019exception des dispositions ci-dessus, toute reproduction, repr\u00e9sentation, utilisation ou adaptation, sous quelque forme que ce soit, de tout ou partie des \u00e9l\u00e9ments du site sans l\u2019accord \u00e9crit de Modena Cars est constitutif d\u2019un acte de contrefa\u00e7on sanctionn\u00e9 par le Code de la Propri\u00e9t\u00e9 Intellectuelle. Toutes marques (marques nominales et logos) et tout autre signe distinctif qui apparaissent sur notre site sont la propri\u00e9t\u00e9 de Modena Cars ou de ses partenaires. Par cons\u00e9quent, toute reproduction et\/ou repr\u00e9sentation, et tout usage de ces signes distinctifs sont donc prohib\u00e9s, sauf autorisation \u00e9crite de leur titulaire.<\/p><p><strong>Liens hypertexte<\/strong><\/p><p>Modena Cars ne saurait \u00eatre tenue responsable du contenu, des donn\u00e9es, des produits et informations diverses propos\u00e9s \u00e0 travers les sites vers lesquels des liens hypertexte sont r\u00e9alis\u00e9s. En particulier, Modena Cars se d\u00e9gage de toute responsabilit\u00e9 relative aux sites dont les donn\u00e9es ne seraient pas conformes aux dispositions l\u00e9gales et r\u00e9glementaires en vigueur.<\/p><p>Les pr\u00e9sentes Mentions L\u00e9gales sont soumises au droit Suisse. En cas de contentieux, les tribunaux Suisse seront seuls comp\u00e9tents.<\/p><p>Les informations personnelles collect\u00e9es par MODENACARS seront utilis\u00e9es pour les n\u00e9cessit\u00e9s de la gestion de votre relation avec MODENACARS et notamment pour r\u00e9pondre \u00e0 vos demandes, \u00e0 des fins d\u2019enqu\u00eates et d\u2019informations, vous proposer des offres commerciales susceptibles de vous int\u00e9resser, ou aux fins d\u2019enrichir et am\u00e9liorer nos bases de donn\u00e9es clients et prospects en vue de maintenir des informations actuelles, correctes et pertinentes.<br \/>Conform\u00e9ment \u00e0 la loi \u00ab Informatique et Libert\u00e9s \u00bb n\u00b078-17 du 6 janvier 1978, vous disposez d\u2019un droit d\u2019acc\u00e8s et de rectification de ces donn\u00e9es ainsi que d\u2019un droit de vous opposer \u00e0 ce que ces donn\u00e9es fassent l\u2019objet d\u2019un traitement en nous contactant par courrier \u00e0 l\u2019adresse suivante : Modena Cars &#8211; Service Relation Client &#8211; 21 chemin des Aulx &#8211; 1228 Plan-les-Ouates ou par formulaire.<\/p>\t\t\t\t\t\t<\/div>\n\t\t\t\t<\/div>\n\t\t\t\t\t<\/div>\n\t\t<\/div>\n\t\t\t\t\t\t\t<\/div>\n\t\t<\/section>\n\t\t\t\t\t\t\t<\/div>\n\t\t","protected":false},"excerpt":{"rendered":"<p>MENTIONS L\u00c9GALES Site r\u00e9alis\u00e9 par la soci\u00e9t\u00e9 KARITA INTERACTIVET\u00e9l. :+ 33 4 67 42 66 28www.karita.cocontact@karita.co Informations g\u00e9n\u00e9rales MODENA CARS21, chemin des Aulx1228 Plan Les Ouates SUISSET\u00e9l. : +41 22 757 87 87 \u00c9diteur et h\u00e9bergement Vous \u00eates actuellement connect\u00e9 au site Internet https:\/\/www.modenacars.ch Directeur de la publication : Gino FORGIONEWebmaster : Verena FROLICHSite d\u00e9velopp\u00e9 [&hellip;]<\/p>\n","protected":false},"author":1,"featured_media":0,"parent":0,"menu_order":0,"comment_status":"closed","ping_status":"closed","template":"","meta":{"footnotes":""},"_links":{"self":[{"href":"https:\/\/modenacars.karita.fr\/index.php?rest_route=\/wp\/v2\/pages\/215"}],"collection":[{"href":"https:\/\/modenacars.karita.fr\/index.php?rest_route=\/wp\/v2\/pages"}],"about":[{"href":"https:\/\/modenacars.karita.fr\/index.php?rest_route=\/wp\/v2\/types\/page"}],"author":[{"embeddable":true,"href":"https:\/\/modenacars.karita.fr\/index.php?rest_route=\/wp\/v2\/users\/1"}],"replies":[{"embeddable":true,"href":"https:\/\/modenacars.karita.fr\/index.php?rest_route=%2Fwp%2Fv2%2Fcomments&post=215"}],"version-history":[{"count":4,"href":"https:\/\/modenacars.karita.fr\/index.php?rest_route=\/wp\/v2\/pages\/215\/revisions"}],"predecessor-version":[{"id":220,"href":"https:\/\/modenacars.karita.fr\/index.php?rest_route=\/wp\/v2\/pages\/215\/revisions\/220"}],"wp:attachment":[{"href":"https:\/\/modenacars.karita.fr\/index.php?rest_route=%2Fwp%2Fv2%2Fmedia&parent=215"}],"curies":[{"name":"wp","href":"https:\/\/api.w.org\/{rel}","templated":true}]}}