{"id":566,"date":"2023-05-24T08:29:33","date_gmt":"2023-05-24T08:29:33","guid":{"rendered":"https:\/\/modenacars.karita.fr\/?page_id=566"},"modified":"2023-05-24T08:35:02","modified_gmt":"2023-05-24T08:35:02","slug":"satisfactionsav","status":"publish","type":"page","link":"https:\/\/modenacars.karita.fr\/?page_id=566","title":{"rendered":"Formulaire de satisfaction"},"content":{"rendered":"\t\t<div data-elementor-type=\"wp-page\" data-elementor-id=\"566\" class=\"elementor elementor-566\">\n\t\t\t\t\t\t\t\t\t<section class=\"elementor-section elementor-top-section elementor-element elementor-element-99d9ae6 elementor-section-boxed elementor-section-height-default elementor-section-height-default\" data-id=\"99d9ae6\" data-element_type=\"section\">\n\t\t\t\t\t\t<div class=\"elementor-container elementor-column-gap-default\">\n\t\t\t\t\t<div class=\"elementor-column elementor-col-100 elementor-top-column elementor-element elementor-element-e0c9fde\" data-id=\"e0c9fde\" data-element_type=\"column\">\n\t\t\t<div class=\"elementor-widget-wrap elementor-element-populated\">\n\t\t\t\t\t\t\t\t<div class=\"elementor-element elementor-element-215a46b elementor-widget elementor-widget-heading\" data-id=\"215a46b\" data-element_type=\"widget\" data-widget_type=\"heading.default\">\n\t\t\t\t<div class=\"elementor-widget-container\">\n\t\t\t<style>\/*! elementor - v3.11.2 - 22-02-2023 *\/\n.elementor-heading-title{padding:0;margin:0;line-height:1}.elementor-widget-heading .elementor-heading-title[class*=elementor-size-]>a{color:inherit;font-size:inherit;line-height:inherit}.elementor-widget-heading .elementor-heading-title.elementor-size-small{font-size:15px}.elementor-widget-heading .elementor-heading-title.elementor-size-medium{font-size:19px}.elementor-widget-heading .elementor-heading-title.elementor-size-large{font-size:29px}.elementor-widget-heading .elementor-heading-title.elementor-size-xl{font-size:39px}.elementor-widget-heading .elementor-heading-title.elementor-size-xxl{font-size:59px}<\/style><h2 class=\"elementor-heading-title elementor-size-default\">MIEUX VOUS CONNA\u00ceTRE POUR MIEUX VOUS SATISFAIRE<\/h2>\t\t<\/div>\n\t\t\t\t<\/div>\n\t\t\t\t<div class=\"elementor-element elementor-element-766d376 elementor-widget-divider--view-line elementor-widget elementor-widget-divider\" data-id=\"766d376\" data-element_type=\"widget\" data-widget_type=\"divider.default\">\n\t\t\t\t<div class=\"elementor-widget-container\">\n\t\t\t<style>\/*! elementor - v3.11.2 - 22-02-2023 *\/\n.elementor-widget-divider{--divider-border-style:none;--divider-border-width:1px;--divider-color:#2c2c2c;--divider-icon-size:20px;--divider-element-spacing:10px;--divider-pattern-height:24px;--divider-pattern-size:20px;--divider-pattern-url:none;--divider-pattern-repeat:repeat-x}.elementor-widget-divider .elementor-divider{display:flex}.elementor-widget-divider .elementor-divider__text{font-size:15px;line-height:1;max-width:95%}.elementor-widget-divider .elementor-divider__element{margin:0 var(--divider-element-spacing);flex-shrink:0}.elementor-widget-divider .elementor-icon{font-size:var(--divider-icon-size)}.elementor-widget-divider .elementor-divider-separator{display:flex;margin:0;direction:ltr}.elementor-widget-divider--view-line_icon .elementor-divider-separator,.elementor-widget-divider--view-line_text .elementor-divider-separator{align-items:center}.elementor-widget-divider--view-line_icon .elementor-divider-separator:after,.elementor-widget-divider--view-line_icon .elementor-divider-separator:before,.elementor-widget-divider--view-line_text .elementor-divider-separator:after,.elementor-widget-divider--view-line_text .elementor-divider-separator:before{display:block;content:\"\";border-bottom:0;flex-grow:1;border-top:var(--divider-border-width) var(--divider-border-style) var(--divider-color)}.elementor-widget-divider--element-align-left .elementor-divider .elementor-divider-separator>.elementor-divider__svg:first-of-type{flex-grow:0;flex-shrink:100}.elementor-widget-divider--element-align-left .elementor-divider-separator:before{content:none}.elementor-widget-divider--element-align-left .elementor-divider__element{margin-left:0}.elementor-widget-divider--element-align-right .elementor-divider .elementor-divider-separator>.elementor-divider__svg:last-of-type{flex-grow:0;flex-shrink:100}.elementor-widget-divider--element-align-right .elementor-divider-separator:after{content:none}.elementor-widget-divider--element-align-right .elementor-divider__element{margin-right:0}.elementor-widget-divider:not(.elementor-widget-divider--view-line_text):not(.elementor-widget-divider--view-line_icon) .elementor-divider-separator{border-top:var(--divider-border-width) var(--divider-border-style) var(--divider-color)}.elementor-widget-divider--separator-type-pattern{--divider-border-style:none}.elementor-widget-divider--separator-type-pattern.elementor-widget-divider--view-line .elementor-divider-separator,.elementor-widget-divider--separator-type-pattern:not(.elementor-widget-divider--view-line) .elementor-divider-separator:after,.elementor-widget-divider--separator-type-pattern:not(.elementor-widget-divider--view-line) .elementor-divider-separator:before,.elementor-widget-divider--separator-type-pattern:not([class*=elementor-widget-divider--view]) .elementor-divider-separator{width:100%;min-height:var(--divider-pattern-height);-webkit-mask-size:var(--divider-pattern-size) 100%;mask-size:var(--divider-pattern-size) 100%;-webkit-mask-repeat:var(--divider-pattern-repeat);mask-repeat:var(--divider-pattern-repeat);background-color:var(--divider-color);-webkit-mask-image:var(--divider-pattern-url);mask-image:var(--divider-pattern-url)}.elementor-widget-divider--no-spacing{--divider-pattern-size:auto}.elementor-widget-divider--bg-round{--divider-pattern-repeat:round}.rtl .elementor-widget-divider .elementor-divider__text{direction:rtl}.e-con-inner>.elementor-widget-divider,.e-con>.elementor-widget-divider{width:var(--container-widget-width,100%);--flex-grow:var(--container-widget-flex-grow)}<\/style>\t\t<div class=\"elementor-divider\">\n\t\t\t<span class=\"elementor-divider-separator\">\n\t\t\t\t\t\t<\/span>\n\t\t<\/div>\n\t\t\t\t<\/div>\n\t\t\t\t<\/div>\n\t\t\t\t\t<\/div>\n\t\t<\/div>\n\t\t\t\t\t\t\t<\/div>\n\t\t<\/section>\n\t\t\t\t<section class=\"elementor-section elementor-top-section elementor-element elementor-element-9282438 elementor-section-boxed elementor-section-height-default elementor-section-height-default\" data-id=\"9282438\" data-element_type=\"section\">\n\t\t\t\t\t\t<div class=\"elementor-container elementor-column-gap-default\">\n\t\t\t\t\t<div class=\"elementor-column elementor-col-100 elementor-top-column elementor-element elementor-element-29b40c3\" data-id=\"29b40c3\" data-element_type=\"column\">\n\t\t\t<div class=\"elementor-widget-wrap elementor-element-populated\">\n\t\t\t\t\t\t\t\t<div class=\"elementor-element elementor-element-e69778b elementor-widget elementor-widget-formidable\" data-id=\"e69778b\" data-element_type=\"widget\" data-widget_type=\"formidable.default\">\n\t\t\t\t<div class=\"elementor-widget-container\">\n\t\t\t<div class=\"frm_forms  with_frm_style frm_style_style-formidable\" id=\"frm_form_5_container\" data-token=\"b13739c70b329ebba46db010c790ca74\">\n<form enctype=\"multipart\/form-data\" method=\"post\" class=\"frm-show-form  frm_js_validate  frm_pro_form  frm_ajax_submit \" id=\"form_satisfactionfr\"  data-token=\"b13739c70b329ebba46db010c790ca74\">\n<div class=\"frm_form_fields \">\n<fieldset>\n<legend class=\"frm_screen_reader\">Satisfaction<\/legend>\r\n\r\n<div class=\"frm_fields_container\">\n<input type=\"hidden\" name=\"frm_action\" value=\"create\" \/>\n<input type=\"hidden\" name=\"form_id\" value=\"5\" \/>\n<input type=\"hidden\" name=\"frm_hide_fields_5\" id=\"frm_hide_fields_5\" value=\"\" \/>\n<input type=\"hidden\" name=\"form_key\" value=\"satisfactionfr\" \/>\n<input type=\"hidden\" name=\"item_meta[0]\" value=\"\" \/>\n<input type=\"hidden\" id=\"frm_submit_entry_5\" name=\"frm_submit_entry_5\" value=\"55d8ceeb09\" \/><input type=\"hidden\" name=\"_wp_http_referer\" value=\"\/index.php?rest_route=%2Fwp%2Fv2%2Fpages%2F566\" \/><div id=\"frm_field_64_container\" class=\"frm_form_field form-field  frm_required_field frm_none_container frm6 frm_first\">\r\n    <label for=\"field_lz6x13\" id=\"field_lz6x13_label\" class=\"frm_primary_label\">Nom\r\n        <span class=\"frm_required\" aria-hidden=\"true\">*<\/span>\r\n    <\/label>\r\n    <input type=\"text\" id=\"field_lz6x13\" name=\"item_meta[64]\" value=\"\"  placeholder=\"Nom *\" data-reqmsg=\"Ce champ ne peut pas \u00eatre vide\" aria-required=\"true\" data-invmsg=\"texte est non valide\" aria-invalid=\"false\"  \/>\r\n    \r\n    \r\n<\/div>\n<div id=\"frm_field_84_container\" class=\"frm_form_field form-field  frm_top_container frm6\">\n    <label for=\"field_d600d\" id=\"field_d600d_label\" class=\"frm_primary_label\">Liste d\u00e9roulante\n        <span class=\"frm_required\" aria-hidden=\"true\"><\/span>\n    <\/label>\n    \t\t<select name=\"item_meta[84]\" id=\"field_d600d\"  data-invmsg=\"Liste d\u00e9roulante est non valide\" aria-invalid=\"false\"  >\n\t\t\t\t<option  value=\"\" selected=\"selected\">\n\t\t\t \t\t<\/option>\n\t\t\t\t<option  value=\"Option 1\">\n\t\t\tOption 1\t\t<\/option>\n\t\t\t<\/select>\n\t\n    \n    \n<\/div>\n<div id=\"frm_field_67_container\" class=\"frm_form_field form-field  frm_none_container frm6 frm_first\">\r\n    <label for=\"field_27gr4\" id=\"field_27gr4_label\" class=\"frm_primary_label\">Marque, mod\u00e8le\r\n        <span class=\"frm_required\" aria-hidden=\"true\"><\/span>\r\n    <\/label>\r\n    <input type=\"text\" id=\"field_27gr4\" name=\"item_meta[67]\" value=\"\"  data-invmsg=\"texte est non valide\" aria-invalid=\"false\"  \/>\r\n    \r\n    \r\n<\/div>\n<div id=\"frm_field_85_container\" class=\"frm_form_field form-field  frm_top_container frm6\">\n    <label for=\"field_ixrj3\" id=\"field_ixrj3_label\" class=\"frm_primary_label\">Liste d\u00e9roulante\n        <span class=\"frm_required\" aria-hidden=\"true\"><\/span>\n    <\/label>\n    \t\t<select name=\"item_meta[85]\" id=\"field_ixrj3\"  data-invmsg=\"Liste d\u00e9roulante est non valide\" aria-invalid=\"false\"  >\n\t\t\t\t<option  value=\"\" selected=\"selected\">\n\t\t\t \t\t<\/option>\n\t\t\t\t<option  value=\"Option 1\">\n\t\t\tOption 1\t\t<\/option>\n\t\t\t<\/select>\n\t\n    \n    \n<\/div>\n<div id=\"frm_field_82_container\" class=\"frm_form_field form-field  frm_top_container frm6 frm_first\">\n    <label for=\"field_7xjah\" id=\"field_7xjah_label\" class=\"frm_primary_label\">Le rendez vous a \u00e9t\u00e9 respect\u00e9\n        <span class=\"frm_required\" aria-hidden=\"true\"><\/span>\n    <\/label>\n    \t\t<select name=\"item_meta[82]\" id=\"field_7xjah\"  data-frmval=\"Oui\" data-invmsg=\"Le rendez vous a \u00e9t\u00e9 respect\u00e9 est non valide\" aria-invalid=\"false\"  >\n\t\t\t\t<option  value=\"Oui\" selected=\"selected\">\n\t\t\tOui\t\t<\/option>\n\t\t\t\t<option  value=\"Non\">\n\t\t\tNon\t\t<\/option>\n\t\t\t<\/select>\n\t\n    \n    \n<\/div>\n<div id=\"frm_field_86_container\" class=\"frm_form_field form-field  frm_top_container frm6\">\n    <label for=\"field_7h0zm\" id=\"field_7h0zm_label\" class=\"frm_primary_label\">Liste d\u00e9roulante\n        <span class=\"frm_required\" aria-hidden=\"true\"><\/span>\n    <\/label>\n    \t\t<select name=\"item_meta[86]\" id=\"field_7h0zm\"  data-invmsg=\"Liste d\u00e9roulante est non valide\" aria-invalid=\"false\"  >\n\t\t\t\t<option  value=\"\" selected=\"selected\">\n\t\t\t \t\t<\/option>\n\t\t\t\t<option  value=\"Option 1\">\n\t\t\tOption 1\t\t<\/option>\n\t\t\t<\/select>\n\t\n    \n    \n<\/div>\n<div id=\"frm_field_76_container\" class=\"frm_form_field form-field  frm_none_container frm12 frm_first\">\r\n    <label for=\"field_8nc44\" id=\"field_8nc44_label\" class=\"frm_primary_label\">Message\r\n        <span class=\"frm_required\" aria-hidden=\"true\"><\/span>\r\n    <\/label>\r\n    <textarea name=\"item_meta[76]\" id=\"field_8nc44\" rows=\"5\"  placeholder=\"Votre message\" data-invmsg=\"Message est non valide\" aria-invalid=\"false\"  ><\/textarea>\r\n    \r\n    \r\n<\/div>\n<div id=\"frm_field_77_container\" class=\"frm_form_field frm_section_heading form-field  frm_hide_section\">\r\n<h3 class=\"frm_pos_none\"><\/h3>\r\n<div id=\"frm_desc_field_uec3u3\" class=\"frm_description frm_section_spacing\">J\u2019accepte de recevoir les offres et promotions relatives aux services et produits de Modenacars.<\/div>\r\n\r\n<\/div>\n<div id=\"frm_field_79_container\" class=\"frm_form_field form-field  frm_required_field frm_none_container frm_half\">\r\n    <label for=\"field_jfohu3\" id=\"field_jfohu3_label\" class=\"frm_primary_label\">Par email \r\n        <span class=\"frm_required\" aria-hidden=\"true\">*<\/span>\r\n    <\/label>\r\n    \t\t<select name=\"item_meta[79]\" id=\"field_jfohu3\"  data-placeholder=\"Par email *\"  placeholder=\"Par email *\" data-reqmsg=\"Ce champ ne peut pas \u00eatre vide\" aria-required=\"true\" data-invmsg=\"Par email  est non valide\" aria-invalid=\"false\"  >\n\t\t\t\t\t<option value=\"\">\n\t\t\t\tPar email *\t\t\t<\/option>\n\t\t\t\t\t<option  value=\"Oui\">\n\t\t\tOui\t\t<\/option>\n\t\t\t\t<option  value=\"Non\">\n\t\t\tNon\t\t<\/option>\n\t\t\t<\/select>\n\t\r\n    \r\n    \r\n<\/div>\n<div id=\"frm_field_80_container\" class=\"frm_form_field form-field  frm_required_field frm_none_container frm_half\">\r\n    <label for=\"field_pgfhf3\" id=\"field_pgfhf3_label\" class=\"frm_primary_label\">Par T\u00e9l\u00e9phone\r\n        <span class=\"frm_required\" aria-hidden=\"true\">*<\/span>\r\n    <\/label>\r\n    \t\t<select name=\"item_meta[80]\" id=\"field_pgfhf3\"  data-placeholder=\"Par T\u00e9l\u00e9phone *\"  placeholder=\"Par T\u00e9l\u00e9phone *\" data-reqmsg=\"Ce champ ne peut pas \u00eatre vide\" aria-required=\"true\" data-invmsg=\"Par T\u00e9l\u00e9phone est non valide\" aria-invalid=\"false\"  >\n\t\t\t\t\t<option value=\"\">\n\t\t\t\tPar T\u00e9l\u00e9phone *\t\t\t<\/option>\n\t\t\t\t\t<option  value=\"Oui\">\n\t\t\tOui\t\t<\/option>\n\t\t\t\t<option  value=\"Non\">\n\t\t\tNon\t\t<\/option>\n\t\t\t<\/select>\n\t\r\n    \r\n    \r\n<\/div>\n<div id=\"frm_field_81_container\" class=\"frm_form_field form-field  frm_none_container\">\r\n    <label for=\"g-recaptcha-response\" id=\"field_8vcyd3_label\" class=\"frm_primary_label\">Captcha\r\n        <span class=\"frm_required\" aria-hidden=\"true\"><\/span>\r\n    <\/label>\r\n    <div id=\"field_8vcyd3\" class=\"frm-g-recaptcha\" data-sitekey=\"6LdOhpweAAAAAMELcTZrbW7EbzoDxUIeCBs7SGWj\" data-size=\"invisible\" data-theme=\"light\"><\/div>\r\n    \r\n    \r\n<\/div>\n<div id=\"frm_field_83_container\" class=\"frm_form_field form-field  frm_top_container\">\n    <label for=\"field_zwhtl\" id=\"field_zwhtl_label\" class=\"frm_primary_label\">Liste d\u00e9roulante\n        <span class=\"frm_required\" aria-hidden=\"true\"><\/span>\n    <\/label>\n    \t\t<select name=\"item_meta[83]\" id=\"field_zwhtl\"  data-invmsg=\"Liste d\u00e9roulante est non valide\" aria-invalid=\"false\"  >\n\t\t\t\t<option  value=\"\" selected=\"selected\">\n\t\t\t \t\t<\/option>\n\t\t\t\t<option  value=\"Option 1\">\n\t\t\tOption 1\t\t<\/option>\n\t\t\t<\/select>\n\t\n    \n    \n<\/div>\n\t<input type=\"hidden\" name=\"item_key\" value=\"\" \/>\n\t\t\t\t<div class=\"frm_verify\" >\n\t\t\t\t<label for=\"frm_email_5\">\n\t\t\t\t\tSi vous \u00eates un humain, ne remplissez pas ce champ.\t\t\t\t<\/label>\n\t\t\t\t<input type=\"email\" class=\"frm_verify\" id=\"frm_email_5\" name=\"frm_verify\" value=\"\"  \/>\n\t\t\t<\/div>\n\t\t<input name=\"frm_state\" type=\"hidden\" value=\"TYg9PyC1Ta2opslBwVafALnBNuwmchfakWgKEVSXXvE=\" \/><div class=\"frm_submit\">\r\n\r\n<button class=\"frm_button_submit frm_final_submit\" type=\"submit\"  >Envoyer<\/button>\r\n\r\n<\/div><\/div>\n<\/fieldset>\n<\/div>\n<\/form>\n<\/div>\n\t\t<\/div>\n\t\t\t\t<\/div>\n\t\t\t\t\t<\/div>\n\t\t<\/div>\n\t\t\t\t\t\t\t<\/div>\n\t\t<\/section>\n\t\t\t\t\t\t\t<\/div>\n\t\t","protected":false},"excerpt":{"rendered":"<p>MIEUX VOUS CONNA\u00ceTRE POUR MIEUX VOUS SATISFAIRE Satisfaction Nom * Liste d\u00e9roulante Option 1 Marque, mod\u00e8le Liste d\u00e9roulante Option 1 Le rendez vous a \u00e9t\u00e9 respect\u00e9 Oui Non Liste d\u00e9roulante Option 1 Message J\u2019accepte de recevoir les offres et promotions relatives aux services et produits de Modenacars. Par email * Par email * Oui Non [&hellip;]<\/p>\n","protected":false},"author":1,"featured_media":0,"parent":0,"menu_order":0,"comment_status":"closed","ping_status":"closed","template":"","meta":{"footnotes":""},"_links":{"self":[{"href":"https:\/\/modenacars.karita.fr\/index.php?rest_route=\/wp\/v2\/pages\/566"}],"collection":[{"href":"https:\/\/modenacars.karita.fr\/index.php?rest_route=\/wp\/v2\/pages"}],"about":[{"href":"https:\/\/modenacars.karita.fr\/index.php?rest_route=\/wp\/v2\/types\/page"}],"author":[{"embeddable":true,"href":"https:\/\/modenacars.karita.fr\/index.php?rest_route=\/wp\/v2\/users\/1"}],"replies":[{"embeddable":true,"href":"https:\/\/modenacars.karita.fr\/index.php?rest_route=%2Fwp%2Fv2%2Fcomments&post=566"}],"version-history":[{"count":4,"href":"https:\/\/modenacars.karita.fr\/index.php?rest_route=\/wp\/v2\/pages\/566\/revisions"}],"predecessor-version":[{"id":571,"href":"https:\/\/modenacars.karita.fr\/index.php?rest_route=\/wp\/v2\/pages\/566\/revisions\/571"}],"wp:attachment":[{"href":"https:\/\/modenacars.karita.fr\/index.php?rest_route=%2Fwp%2Fv2%2Fmedia&parent=566"}],"curies":[{"name":"wp","href":"https:\/\/api.w.org\/{rel}","templated":true}]}}